{"id":770,"date":"2022-02-23T21:06:46","date_gmt":"2022-02-23T21:06:46","guid":{"rendered":"https:\/\/startersites.io\/stagingfour\/?page_id=770"},"modified":"2025-07-28T17:20:16","modified_gmt":"2025-07-28T15:20:16","slug":"services","status":"publish","type":"page","link":"https:\/\/www.fantafun.it\/index.php\/services\/","title":{"rendered":"Regolamento"},"content":{"rendered":"\n<div class=\"wp-block-stackable-columns alignfull stk-block-columns stk-block stk-e6638fa\" data-block-id=\"e6638fa\"><style>.stk-e6638fa{margin-bottom:0px !important}<\/style><div class=\"stk-row stk-inner-blocks stk-block-content stk-content-align stk-e6638fa-column alignfull\">\n<div class=\"wp-block-stackable-column stk-block-column stk-column stk-block stk-ed462ee\" data-v=\"4\" data-block-id=\"ed462ee\"><div class=\"stk-column-wrapper stk-block-column__content stk-container stk-ed462ee-container stk--no-background stk--no-padding\"><div class=\"stk-block-content stk-inner-blocks stk-ed462ee-inner-blocks\">\n<div class=\"wp-block-stackable-spacer stk-block-spacer stk--no-padding stk-block stk-d97edfb stk-block-background stk--has-background-overlay\" data-block-id=\"d97edfb\"><style>.stk-d97edfb{background-color:linear-gradient(0deg,rgb(255,255,255) 0%,rgb(31,31,31) 100%) !important}.stk-d97edfb:before{background-image:linear-gradient(0deg,rgb(255,255,255) 0%,rgb(31,31,31) 100%) !important}<\/style><\/div>\n<\/div><\/div><\/div>\n<\/div><\/div>\n\n\n\n<div class=\"wp-block-stackable-columns alignfull stk-block-columns stk-block stk-f6a172d\" data-block-id=\"f6a172d\"><style>.stk-f6a172d{margin-bottom:0px !important}<\/style><div class=\"stk-row stk-inner-blocks stk-block-content stk-content-align stk-f6a172d-column alignfull\">\n<div class=\"wp-block-stackable-column stk-block-column stk-column stk-block stk-28dffef\" data-v=\"4\" data-block-id=\"28dffef\"><div class=\"stk-column-wrapper stk-block-column__content stk-container stk-28dffef-container stk--no-background stk--no-padding\"><div class=\"stk-block-content stk-inner-blocks stk-28dffef-inner-blocks\">\n<div class=\"wp-block-stackable-spacer stk-block-spacer stk--no-padding stk-block stk-d3a4a89 stk-block-background stk--has-background-overlay\" data-block-id=\"d3a4a89\"><style>.stk-d3a4a89{background-color:linear-gradient(180deg,rgb(255,255,255) 0%,rgb(31,31,31) 100%) !important}.stk-d3a4a89:before{background-image:linear-gradient(180deg,rgb(255,255,255) 0%,rgb(31,31,31) 100%) !important}<\/style><\/div>\n<\/div><\/div><\/div>\n<\/div><\/div>\n\n\n\n<div class=\"wp-block-stackable-spacer stk-block-spacer stk--no-padding stk-block stk-a48d538\" data-block-id=\"a48d538\"><style>.stk-a48d538{height:50px !important}<\/style><\/div>\n\n\n\n<div class=\"wp-block-stackable-columns stk-block-columns stk-block stk-aec5096\" data-block-id=\"aec5096\"><style>.stk-aec5096 .stk--block-align-aec5096{align-items:center !important}.stk-aec5096{margin-bottom:0px !important}.stk-aec5096-column{--stk-column-gap:35px !important;row-gap:25px !important}@media screen and (max-width:767px){.stk-aec5096-column{row-gap:35px !important}}<\/style><div class=\"stk-row stk-inner-blocks stk--block-align-aec5096 stk-block-content stk-content-align stk-aec5096-column\">\n<div class=\"wp-block-stackable-column stk-block-column stk-column stk-block stk-33059ce\" data-v=\"4\" data-block-id=\"33059ce\"><style>.stk-33059ce-container{margin-top:0px !important;margin-right:0px !important;margin-bottom:0px !important;margin-left:0px !important}<\/style><div class=\"stk-column-wrapper stk-block-column__content stk-container stk-33059ce-container stk--no-background stk--no-padding\"><div class=\"stk-block-content stk-inner-blocks stk-33059ce-inner-blocks\"><\/div><\/div><\/div>\n\n\n\n<div class=\"wp-block-stackable-column stk-block-column stk-column stk-block stk-8a0b54b\" data-v=\"4\" data-block-id=\"8a0b54b\"><style>.stk-8a0b54b-container{margin-top:0px !important;margin-right:0px !important;margin-bottom:0px !important;margin-left:0px !important}<\/style><div class=\"stk-column-wrapper stk-block-column__content stk-container stk-8a0b54b-container stk--no-background stk--no-padding\"><div class=\"stk-block-content stk-inner-blocks stk-8a0b54b-inner-blocks\">\n<div class=\"wp-block-stackable-button-group stk-block-button-group stk-block stk-f6a8022\" data-block-id=\"f6a8022\"><style>.stk-f6a8022{padding-top:40px !important}@media screen and (max-width:767px){.stk-f6a8022{padding-top:0px !important}}<\/style><div class=\"stk-row stk-inner-blocks has-text-align-left has-text-align-center-mobile stk-block-content stk-button-group\">\n<div class=\"wp-block-stackable-button stk-block-button stk-block stk-8ae4935\" data-block-id=\"8ae4935\"><style>.stk-8ae4935 .stk-button{padding-top:14px !important;padding-right:30px !important;padding-bottom:14px !important;padding-left:30px !important;background:var(--theme-palette-color-6,#292929) !important;border-top-left-radius:8px !important;border-top-right-radius:8px !important;border-bottom-right-radius:8px !important;border-bottom-left-radius:8px !important}.stk-8ae4935 .stk-button__inner-text{font-size:15px !important;color:var(--theme-palette-color-4,#ffffff) !important;font-weight:bold !important;text-transform:uppercase !important}@media screen and (max-width:1023px){.stk-8ae4935 .stk-button__inner-text{font-size:15px !important}}<\/style><a class=\"stk-link stk-button stk--hover-effect-darken\" href=\"http:\/\/www.fantafun.it\/index.php\/contact-us\/\"><span class=\"has-text-color has-palette-color-4-color stk-button__inner-text\">Iscriviti<\/span><\/a><\/div>\n<\/div><\/div>\n<\/div><\/div><\/div>\n<\/div><\/div>\n\n\n\n<div class=\"wp-block-stackable-spacer stk-block-spacer stk--no-padding stk-block stk-6090630\" data-block-id=\"6090630\"><style>.stk-6090630{height:50px !important}@media screen and (max-width:767px){.stk-6090630{height:50px !important}}<\/style><\/div>\n\n\n\n<div class=\"wp-block-stackable-columns stk-block-columns stk-block stk-e8274a5\" data-block-id=\"e8274a5\"><div class=\"stk-row stk-inner-blocks stk-block-content stk-content-align stk-e8274a5-column\">\n<div class=\"wp-block-stackable-column stk-block-column stk-column stk-block stk-89b5c94\" data-v=\"4\" data-block-id=\"89b5c94\"><div class=\"stk-column-wrapper stk-block-column__content stk-container stk-89b5c94-container stk--no-background stk--no-padding\"><div class=\"stk-block-content stk-inner-blocks stk-89b5c94-inner-blocks\">\n<figure class=\"wp-block-table is-style-regular\"><table class=\"has-palette-color-4-color has-text-color has-link-color has-border-color has-palette-color-8-border-color\"><tbody><tr><td>La partecipazione al nostro fantacalcio avviene mediante la piattaforma <span style=\"color: var(--theme-palette-color-3, #FFD200);\" class=\"stk-highlight\">&#8220;leghe.fantacalcio&#8221;<\/span> (ex leghe.fantagazzetta).<br>La competizione avr\u00e0 inizio in corrispondenza della prima giornata di campionato, pertanto le iscrizioni saranno aperte fino al giorno prima (non sono ammesse adesioni a fantacalcio in corso).<br><br>La rosa si compone obbligatoriamente di un numero fisso pari a <span style=\"color: var(--theme-palette-color-3, #FFD200);\" class=\"stk-highlight\">23 calciatori<\/span>, suddivisi come segue: 3 portieri, 8 difensori, 7 centrocampisti, 5 attaccanti. Ruoli e valutazioni corrisponderanno a quelli di &#8216;fantacalcio&#8217;.<br><br>Per acquistare i 23 calciatori si avr\u00e0 a disposizione un budget iniziale di <span style=\"color: var(--theme-palette-color-3, #FFD200);\" class=\"stk-highlight\">250 fantamilioni.<\/span><br><br>Le quotazioni dei calciatori sono soggette a variazioni giornata per giornata, relative alle loro prestazioni e i crediti eventualmente risparmiati possono essere utilizzati nelle operazioni successive.<br><br>Si potranno effettuare <span style=\"color: var(--theme-palette-color-3, #FFD200);\" class=\"stk-highlight\">10 cambi totali<\/span> nell&#8217;arco della stagione (piu&#8217; i cambi extra per ogni calciatore che finisce fuori lista e che sara&#8217; contrassegnato con un asterisco nella rosa su leghe.fantacalcio) al fine di modificare la propria rosa, distribuibili in 3 finestre di mercato, oltre a 2 cambi da effettuare dopo la scadenza del calciomercato estivo e altri 2 dopo la chiusura del calciomercato invernale. Le sessioni quindi saranno costituite come segue: <br><br>1^ sessione\u00a0&#8211; dopo la chiusura del calciomercato estivo (tra la 2\u00b0 e la 3\u00b0 giornata) &#8211; MAX 2 CAMBI;<br>2^ sessione\u00a0&#8211; nel periodo di sosta dopo la 11\u00b0 giornata;<br>3^ sessione\u00a0&#8211; al termine del girone d&#8217;andata ( tra la 19\u00b0 e la 20\u00b0 giornata);<br>4^ sessione\u00a0&#8211; dopo la scadenza del calciomercato invernale (tra la 23\u00b0 e la 24\u00b0 giornata) &#8211;\u00a0MAX 2 CAMBI;<br>5^ sessione &#8211; nel periodo di sosta dopo la 30\u00b0 giornata;<br><br>Inoltre si potranno effettuare <span style=\"color: var(--theme-palette-color-3, #FFD200);\" class=\"stk-highlight\">4 cambi<\/span> ulteriori in qualsiasi momento della stagione.<br><br>Nel caso in cui si avessero tre portieri della stessa squadra, la sostituzione dei tre varrebbe come un unico cambio (sempre nei limiti dei crediti a disposizione). In questo caso per\u00f2 l&#8217;operazione va comunicata all&#8217;amministratore poich\u00e8 nell&#8217;app tali cambi saranno conteggiati come 3 (non potendo impostare questa nostra regola interna) e sar\u00e0 quest&#8217;utlimo ad aggiungere alla relativa squadra ultetiori 2 cambi da poter effettuare per ovviare al problema.<br><br>Le rose devono essere caricate da ciascun fantallenatore come previsto da leghe.fantacalcio nei limiti del budget a disposizione; anche i cambi saranno effettuati da ogni singolo fantallenatore nei limiti della cassa attuale, che in nessun caso puo&#8217; avere bilancio negativo.<br>Sara&#8217; compito dell&#8217;amministratore creare le apposite sessioni di fantamercato con i limiti e le impostazioni citate in precedenza, per garantire che nessuno possa &#8220;sforare&#8221; e tutto sia regolare.<br><br>La formazione potra&#8217; essere schierata mediante uno dei seguenti moduli (fino a 5 minuti dall&#8217;inizio della prima partita della giornata in programma): 3-4-3, 3-5-2, 4-4-2, 4-3-3, 4-5-1, 5-3-2, 5-4-1.<br><br>La panchina sara&#8217; composta da tutti i giocatori della rosa, schierabili secondo un ordine libero. I calciatori in panchina subentrano ai titolari assenti secondo tale ordine, fino ad un massimo di 5 sostituzioni.<br><br>Se in panchina non ci sono giocatori dello stesso ruolo del titolare mancante si procede con il cambio modulo in base all&#8217;ordine della panchina (Esempio: se il modulo scelto e&#8217; il 4-4-2 e non gioca un centrocampista titolare, oltre ai 2 in panchina, il modulo diventera&#8217; un 4-3-3 se in panchina sara&#8217; inserito prima un attaccante o un 5-3-2 se in panchina sara&#8217; inserito prima un difensore).<br><br>Nel caso in cui si avessero 3 portieri della stessa squadra e nessuno di questi prendesse il voto, verra&#8217; assegnato un &#8220;4 d&#8217;ufficio&#8221; al portiere s.v.<br><br>Il punteggio di ciascuna squadra sara&#8217; dato dalla somma dei voti ottenuti dai giocatori schierati (o dalle riserve subentrate) e dai relativi bonus e malus (con riferimento alla piattaforma suddetta, senza possibilita&#8217; di rettifica).<br><br><span style=\"color: var(--theme-palette-color-1, #00F600);\" class=\"stk-highlight\"><strong>BONUS<\/strong><\/span><br>gol +3<br>quality assist (low quality assist +0,5 &#8211; medium quality assist +1 &#8211; high quality assist +1,5)<br>rigore parato +3<br>imbattibilita&#8217; portiere +1<br><br><span style=\"color: #ff0000;\" class=\"stk-highlight\"><strong>MALUS<\/strong><\/span><br>gol subito -1<br>ammonizione -0,5<br>espulsione -1<br>autogol -2<br>rigore sbagliato -3<br><br><br>Nel caso in cui vengono schierati 4 o 5 difensori e&#8217; valido, inoltre, il modificatore di difesa, ossia un ulteriore bonus che tiene conto della media algebrica dei voti del portiere e dei 3 difensori con voto piu&#8217; alto.<br><br>Tale bonus sara&#8217; +1 se la media e&#8217; 6, +3 se la media e&#8217; compresa tra 6,5 (incluso) e 6,99 e +6 se la media e&#8217; pari o superiore a 7.<br>In caso di sospensione o rinvio delle partite sara&#8217; applicato il 6 politico a tutti i calciatori delle squadre coinvolte (infortunati e squalificati inclusi) solo se tali partite saranno recuperate dopo la giornata successiva a quella in questione (per non tenere sospeso il calcolo della giornata), salvo disposizioni diverse stabilite da leghe.fantagazzetta.<br><br>I <span style=\"color: var(--theme-palette-color-3, #FFD200);\" class=\"stk-highlight\"><strong>premi <\/strong><\/span>previsti sono i seguenti:<br><br>&#8211; Classifica generale, alla squadra con il miglior punteggio al termine del fantacalcio<br>N.B. In caso di parita&#8217; di punteggio tra piu&#8217; squadre si classifichera&#8217; prima quella che per piu&#8217; giornate e&#8217; stata avanti in classifica e, in caso di ulteriore pareggio, quella che avra&#8217; realizzato il punteggio di giornata piu&#8217; alto; se anche questo dovesse essere lo stesso, prevarra&#8217; la squadra che si e&#8217; iscritta prima alla nostra lega.<br><br><br>&#8211; Campione d&#8217;inverno, alla squadra con il miglior punteggio al termine del girone d&#8217;andata<br><br>&#8211; Miglior punteggio di giornata, alla squadra che avra&#8217; realizzato il punteggio piu&#8217; elevato in una singola giornata delle 38 disputate.<br><br>A meta&#8217; fantacalcio (dopo la 19\u00b0 giornata) sono previste 2 competizioni &#8220;parallele&#8221; alla principale:<br><br>&#8211; la Champions League, in cui partecipano le squadre dalla prima a quella posizionata nella meta&#8217; esatta della classifica provvisoria, e<br><br>&#8211; l&#8217;Europa League, con le restanti squadre fino all&#8217;ultima.<br>Entrambe le competizioni saranno a classifica generale con le stesse regole della competizione principale.<br><br>Inoltre, sara&#8217; possibile vincere un ulteriore premio (Superlega FantaFun) totalizzando almeno 800 punti nelle ultime 10 giornate.<br><br>La lega FantaFun iniziera&#8217; in corrispondenza della prima giornata di serie A e l&#8217;iscrizione, con relativo inserimento della rosa, e&#8217; prevista entro il 22 Agosto.<br>I premi saranno spediti con spese di consegna a carico degli organizzatori, entro un mese dalla conclusione della competizione.<br><br>Per ulteriori informazioni riguardanti l&#8217;iscrizione o altro puoi contattarci su Whatsapp o utilizzando la nostra e-mail fantafun19@gmail.com.<\/td><\/tr><\/tbody><\/table><\/figure>\n<\/div><\/div><\/div>\n<\/div><\/div>\n\n\n\n<div class=\"wp-block-stackable-text stk-block-text stk-block stk-680f4fd\" data-block-id=\"680f4fd\"><style>.stk-680f4fd{margin-bottom:16px !important}.stk-680f4fd .stk-block-text__text{color:var(--theme-palette-color-1,#e65616) !important;font-weight:900 !important;text-transform:uppercase !important}<\/style><p class=\"stk-block-text__text has-text-color has-palette-color-1-color has-text-align-center-mobile\">03.<\/p><\/div>\n\n\n\n<div class=\"wp-block-stackable-heading stk-block-heading stk-block-heading--v2 stk-block stk-6437c60 ct-advanced-heading\" title=\"Contattaci\" id=\"contattaci\" data-block-id=\"6437c60\"><style>.stk-6437c60{padding-left:20px !important;margin-bottom:50px !important}.stk-6437c60 .stk-block-heading__text{font-size:60px !important;font-weight:800 !important}@media screen and (max-width:1023px){.stk-6437c60 .stk-block-heading__text{font-size:40px !important}}<\/style><h2 class=\"stk-block-heading__text has-text-align-center-mobile\">Contattaci<\/h2><\/div>\n\n\n\n<div class=\"wpcf7 no-js\" id=\"wpcf7-f805-o1\" lang=\"it-IT\" dir=\"ltr\">\n<div class=\"screen-reader-response\"><p role=\"status\" aria-live=\"polite\" aria-atomic=\"true\"><\/p> <ul><\/ul><\/div>\n<form action=\"\/index.php\/wp-json\/wp\/v2\/pages\/770#wpcf7-f805-o1\" method=\"post\" class=\"wpcf7-form init\" aria-label=\"Modulo di contatto\" novalidate=\"novalidate\" data-status=\"init\">\n<div style=\"display: none;\">\n<input type=\"hidden\" name=\"_wpcf7\" value=\"805\" \/>\n<input type=\"hidden\" name=\"_wpcf7_version\" value=\"5.9.5\" \/>\n<input type=\"hidden\" name=\"_wpcf7_locale\" value=\"it_IT\" \/>\n<input type=\"hidden\" name=\"_wpcf7_unit_tag\" value=\"wpcf7-f805-o1\" \/>\n<input type=\"hidden\" name=\"_wpcf7_container_post\" value=\"0\" \/>\n<input type=\"hidden\" name=\"_wpcf7_posted_data_hash\" value=\"\" \/>\n<\/div>\n<p><label> Il tuo nome<br \/>\n<span class=\"wpcf7-form-control-wrap\" data-name=\"your-name\"><input size=\"40\" class=\"wpcf7-form-control wpcf7-text wpcf7-validates-as-required\" autocomplete=\"name\" aria-required=\"true\" aria-invalid=\"false\" value=\"\" type=\"text\" name=\"your-name\" \/><\/span> <\/label>\n<\/p>\n<p><label> La tua email<br \/>\n<span class=\"wpcf7-form-control-wrap\" data-name=\"your-email\"><input size=\"40\" class=\"wpcf7-form-control wpcf7-email wpcf7-validates-as-required wpcf7-text wpcf7-validates-as-email\" autocomplete=\"email\" aria-required=\"true\" aria-invalid=\"false\" value=\"\" type=\"email\" name=\"your-email\" \/><\/span> <\/label>\n<\/p>\n<p><label> Oggetto<br \/>\n<span class=\"wpcf7-form-control-wrap\" data-name=\"your-subject\"><input size=\"40\" class=\"wpcf7-form-control wpcf7-text wpcf7-validates-as-required\" aria-required=\"true\" aria-invalid=\"false\" value=\"\" type=\"text\" name=\"your-subject\" \/><\/span> <\/label>\n<\/p>\n<p><label> Il tuo messaggio (facoltativo)<br \/>\n<span class=\"wpcf7-form-control-wrap\" data-name=\"your-message\"><textarea cols=\"40\" rows=\"10\" class=\"wpcf7-form-control wpcf7-textarea\" aria-invalid=\"false\" name=\"your-message\"><\/textarea><\/span> <\/label>\n<\/p>\n<p><input class=\"wpcf7-form-control wpcf7-submit has-spinner\" type=\"submit\" value=\"Invia\" \/>\n<\/p><div class=\"wpcf7-response-output\" aria-hidden=\"true\"><\/div>\n<\/form>\n<\/div>\n\n\n\n\n<div class=\"wp-block-stackable-spacer stk-block-spacer stk--no-padding stk-block stk-59d9e47\" data-block-id=\"59d9e47\"><style>.stk-59d9e47{height:20px !important}@media screen and (max-width:767px){.stk-59d9e47{height:0px !important}}<\/style><\/div>\n","protected":false},"excerpt":{"rendered":"<p>Di seguito potrai trovare il nostro regolamento aggiornato, per qualsiasi dubbio non esitare a contattarci.<\/p>\n","protected":false},"author":1,"featured_media":0,"parent":0,"menu_order":0,"comment_status":"closed","ping_status":"closed","template":"","meta":{"_joinchat":[],"footnotes":""},"blocksy_meta":{"styles_descriptor":{"styles":{"desktop":"","tablet":"","mobile":""},"google_fonts":[],"version":6}},"yoast_head":"<!-- This site is optimized with the Yoast SEO plugin v22.8 - https:\/\/yoast.com\/wordpress\/plugins\/seo\/ -->\r\n<title>Regolamento - FantaFun<\/title>\r\n<meta name=\"robots\" content=\"index, follow, max-snippet:-1, max-image-preview:large, max-video-preview:-1\" \/>\r\n<link rel=\"canonical\" href=\"https:\/\/www.fantafun.it\/index.php\/services\/\" \/>\r\n<meta property=\"og:locale\" content=\"it_IT\" \/>\r\n<meta property=\"og:type\" content=\"article\" \/>\r\n<meta property=\"og:title\" content=\"Regolamento - FantaFun\" \/>\r\n<meta property=\"og:description\" content=\"Di seguito potrai trovare il nostro regolamento aggiornato, per qualsiasi dubbio non esitare a contattarci.\" \/>\r\n<meta property=\"og:url\" content=\"https:\/\/www.fantafun.it\/index.php\/services\/\" \/>\r\n<meta property=\"og:site_name\" content=\"FantaFun\" \/>\r\n<meta property=\"article:publisher\" content=\"https:\/\/facebook.com\/FantaFun19\/?modal=admin_todo_tour\" \/>\r\n<meta property=\"article:modified_time\" content=\"2025-07-28T15:20:16+00:00\" \/>\r\n<meta name=\"twitter:card\" content=\"summary_large_image\" \/>\r\n<meta name=\"twitter:label1\" content=\"Tempo di lettura stimato\" \/>\n\t<meta name=\"twitter:data1\" content=\"6 minuti\" \/>\r\n<script type=\"application\/ld+json\" class=\"yoast-schema-graph\">{\"@context\":\"https:\/\/schema.org\",\"@graph\":[{\"@type\":\"WebPage\",\"@id\":\"https:\/\/www.fantafun.it\/index.php\/services\/\",\"url\":\"https:\/\/www.fantafun.it\/index.php\/services\/\",\"name\":\"Regolamento - FantaFun\",\"isPartOf\":{\"@id\":\"https:\/\/www.fantafun.it\/#website\"},\"datePublished\":\"2022-02-23T21:06:46+00:00\",\"dateModified\":\"2025-07-28T15:20:16+00:00\",\"breadcrumb\":{\"@id\":\"https:\/\/www.fantafun.it\/index.php\/services\/#breadcrumb\"},\"inLanguage\":\"it-IT\",\"potentialAction\":[{\"@type\":\"ReadAction\",\"target\":[\"https:\/\/www.fantafun.it\/index.php\/services\/\"]}]},{\"@type\":\"BreadcrumbList\",\"@id\":\"https:\/\/www.fantafun.it\/index.php\/services\/#breadcrumb\",\"itemListElement\":[{\"@type\":\"ListItem\",\"position\":1,\"name\":\"Home\",\"item\":\"https:\/\/www.fantafun.it\/\"},{\"@type\":\"ListItem\",\"position\":2,\"name\":\"Regolamento\"}]},{\"@type\":\"WebSite\",\"@id\":\"https:\/\/www.fantafun.it\/#website\",\"url\":\"https:\/\/www.fantafun.it\/\",\"name\":\"FantaFun\",\"description\":\"\",\"publisher\":{\"@id\":\"https:\/\/www.fantafun.it\/#organization\"},\"potentialAction\":[{\"@type\":\"SearchAction\",\"target\":{\"@type\":\"EntryPoint\",\"urlTemplate\":\"https:\/\/www.fantafun.it\/?s={search_term_string}\"},\"query-input\":\"required name=search_term_string\"}],\"inLanguage\":\"it-IT\"},{\"@type\":\"Organization\",\"@id\":\"https:\/\/www.fantafun.it\/#organization\",\"name\":\"FantaFun\",\"url\":\"https:\/\/www.fantafun.it\/\",\"logo\":{\"@type\":\"ImageObject\",\"inLanguage\":\"it-IT\",\"@id\":\"https:\/\/www.fantafun.it\/#\/schema\/logo\/image\/\",\"url\":\"https:\/\/www.fantafun.it\/wp-content\/uploads\/2024\/06\/WhatsApp-Image-2024-06-08-at-19.11.02.jpeg\",\"contentUrl\":\"https:\/\/www.fantafun.it\/wp-content\/uploads\/2024\/06\/WhatsApp-Image-2024-06-08-at-19.11.02.jpeg\",\"width\":357,\"height\":357,\"caption\":\"FantaFun\"},\"image\":{\"@id\":\"https:\/\/www.fantafun.it\/#\/schema\/logo\/image\/\"},\"sameAs\":[\"https:\/\/facebook.com\/FantaFun19\/?modal=admin_todo_tour\",\"https:\/\/www.instagram.com\/fantacalcio_fantafun\/\"]}]}<\/script>\r\n<!-- \/ Yoast SEO plugin. -->","yoast_head_json":{"title":"Regolamento - FantaFun","robots":{"index":"index","follow":"follow","max-snippet":"max-snippet:-1","max-image-preview":"max-image-preview:large","max-video-preview":"max-video-preview:-1"},"canonical":"https:\/\/www.fantafun.it\/index.php\/services\/","og_locale":"it_IT","og_type":"article","og_title":"Regolamento - FantaFun","og_description":"Di seguito potrai trovare il nostro regolamento aggiornato, per qualsiasi dubbio non esitare a contattarci.","og_url":"https:\/\/www.fantafun.it\/index.php\/services\/","og_site_name":"FantaFun","article_publisher":"https:\/\/facebook.com\/FantaFun19\/?modal=admin_todo_tour","article_modified_time":"2025-07-28T15:20:16+00:00","twitter_card":"summary_large_image","twitter_misc":{"Tempo di lettura stimato":"6 minuti"},"schema":{"@context":"https:\/\/schema.org","@graph":[{"@type":"WebPage","@id":"https:\/\/www.fantafun.it\/index.php\/services\/","url":"https:\/\/www.fantafun.it\/index.php\/services\/","name":"Regolamento - FantaFun","isPartOf":{"@id":"https:\/\/www.fantafun.it\/#website"},"datePublished":"2022-02-23T21:06:46+00:00","dateModified":"2025-07-28T15:20:16+00:00","breadcrumb":{"@id":"https:\/\/www.fantafun.it\/index.php\/services\/#breadcrumb"},"inLanguage":"it-IT","potentialAction":[{"@type":"ReadAction","target":["https:\/\/www.fantafun.it\/index.php\/services\/"]}]},{"@type":"BreadcrumbList","@id":"https:\/\/www.fantafun.it\/index.php\/services\/#breadcrumb","itemListElement":[{"@type":"ListItem","position":1,"name":"Home","item":"https:\/\/www.fantafun.it\/"},{"@type":"ListItem","position":2,"name":"Regolamento"}]},{"@type":"WebSite","@id":"https:\/\/www.fantafun.it\/#website","url":"https:\/\/www.fantafun.it\/","name":"FantaFun","description":"","publisher":{"@id":"https:\/\/www.fantafun.it\/#organization"},"potentialAction":[{"@type":"SearchAction","target":{"@type":"EntryPoint","urlTemplate":"https:\/\/www.fantafun.it\/?s={search_term_string}"},"query-input":"required name=search_term_string"}],"inLanguage":"it-IT"},{"@type":"Organization","@id":"https:\/\/www.fantafun.it\/#organization","name":"FantaFun","url":"https:\/\/www.fantafun.it\/","logo":{"@type":"ImageObject","inLanguage":"it-IT","@id":"https:\/\/www.fantafun.it\/#\/schema\/logo\/image\/","url":"https:\/\/www.fantafun.it\/wp-content\/uploads\/2024\/06\/WhatsApp-Image-2024-06-08-at-19.11.02.jpeg","contentUrl":"https:\/\/www.fantafun.it\/wp-content\/uploads\/2024\/06\/WhatsApp-Image-2024-06-08-at-19.11.02.jpeg","width":357,"height":357,"caption":"FantaFun"},"image":{"@id":"https:\/\/www.fantafun.it\/#\/schema\/logo\/image\/"},"sameAs":["https:\/\/facebook.com\/FantaFun19\/?modal=admin_todo_tour","https:\/\/www.instagram.com\/fantacalcio_fantafun\/"]}]}},"_links":{"self":[{"href":"https:\/\/www.fantafun.it\/index.php\/wp-json\/wp\/v2\/pages\/770"}],"collection":[{"href":"https:\/\/www.fantafun.it\/index.php\/wp-json\/wp\/v2\/pages"}],"about":[{"href":"https:\/\/www.fantafun.it\/index.php\/wp-json\/wp\/v2\/types\/page"}],"author":[{"embeddable":true,"href":"https:\/\/www.fantafun.it\/index.php\/wp-json\/wp\/v2\/users\/1"}],"replies":[{"embeddable":true,"href":"https:\/\/www.fantafun.it\/index.php\/wp-json\/wp\/v2\/comments?post=770"}],"version-history":[{"count":13,"href":"https:\/\/www.fantafun.it\/index.php\/wp-json\/wp\/v2\/pages\/770\/revisions"}],"predecessor-version":[{"id":1023,"href":"https:\/\/www.fantafun.it\/index.php\/wp-json\/wp\/v2\/pages\/770\/revisions\/1023"}],"wp:attachment":[{"href":"https:\/\/www.fantafun.it\/index.php\/wp-json\/wp\/v2\/media?parent=770"}],"curies":[{"name":"wp","href":"https:\/\/api.w.org\/{rel}","templated":true}]}}